{"id":1040,"date":"2018-02-06T18:05:37","date_gmt":"2018-02-06T18:05:37","guid":{"rendered":"https:\/\/oice.org\/?page_id=1040"},"modified":"2020-08-03T03:55:06","modified_gmt":"2020-08-03T03:55:06","slug":"contabilidad-finanzas","status":"publish","type":"page","link":"https:\/\/oice.org\/?page_id=1040","title":{"rendered":"Contabilidad y Finanzas"},"content":{"rendered":"<p>Contabilidad y Finanzas<\/p>\n<p style=\"text-align: center;\">La \u00abOrganizaci\u00f3n Interamericana de Ciencias Econ\u00f3micas OICE es una entidad profesional sin fines de lucro, que fue constitu\u00edda con el fin de proporcionar a los profesionales del campo econ\u00f3mico-financiero con responsabilidades de direcci\u00f3n, un cauce para facilitar su participaci\u00f3n activa mediante reuniones de trabajo sobre temas de actualidad de inter\u00e9s com\u00fan, y para el intercambio de experiencias que proporcione el desarrollo t\u00e9cnico y humano y la intercomunicaci\u00f3n nacional e internacional con profesionales de su misma especialidad.<\/p>\n<p>capacitaciones-presenciales<\/p>\n<p>Gesti\u00f3n efectiva de cr\u00e9dito y cartera<\/p>\n<p>Curso de Contabilidad Avanzada<\/p>\n<p>\u00abcontabilidad-y-finanzas\u00bb<\/p>\n<p>curso-de-contabilidad avanzada<\/p>\n<p>Curso de Contabilidad Avanzada<\/p>\n<p>Al finalizar el programa el participante estar\u00e1 en capacidad de profundizar en el estudio de la Contabilidad Financiera y de Sociedades conforme a los nuevos principios y exigencias del <strong>nueva normativa contable.<\/strong><\/p>\n<p>capacitaciones-presenciales<\/p>\n<p>Gesti\u00f3n efectiva de cr\u00e9dito y cartera<\/p>\n<p>Curso de Contabilidad Pr\u00e1ctica\u00bb<\/p>\n<p>contabilidad y finanzas<\/p>\n<p>curso de contabilidad practica<\/p>\n<p>Curso de Contabilidad Pr\u00e1ctica<\/p>\n<p>Proporcionar a los asistentes una formaci\u00f3n pr\u00e1ctica en Contabilidad que les permita comprender c\u00f3mo se realizan y formulan los estados financieros a partir de las anotaciones contables.<\/p>\n<p>capacitaciones-presenciales Gesti\u00f3n efectiva de cr\u00e9dito y cartera<\/p>\n<p>\u00abCurso de Modelizaci\u00f3n Financiera\u00bb<\/p>\n<p>Contabilidad y finanzas Curso de modelizaci\u00f3n financiera<\/p>\n<p>Curso de Modelizaci\u00f3n Financiera<\/p>\n<p>Una vez culminado el programa los asistentes conocer\u00e1n los fundamentos de valoraci\u00f3n que le permitan adoptar una decisi\u00f3n con base en unas estimaciones realizadas por \u00e9l mismo, siendo capaz de realizar todo tipo de simulaci\u00f3n que le permita cuantificar el efecto de las mismas.<\/p>\n<p>Capacitaciones presenciales<\/p>\n<p>Gesti\u00f3n efectiva de cr\u00e9dito y cartera<\/p>\n<p>\u00abCurso de T\u00e9cnico Contable\u00bb<\/p>\n<p>Contabilidad y finanzas<\/p>\n<p>curso de t\u00e9cnico contable<\/p>\n<p>curso de t\u00e9cnico contable<\/p>\n<p>Al finalizar el programa el participante conocer\u00e1 la estructura de la nueva normatividad contable, analizar correctamente los hechos econ\u00f3micos y su transcripci\u00f3n contable y aplicar estos conocimientos a las necesidades de la empresa.<\/p>\n<p>\u00abCurso de Valoraci\u00f3n de Proyectos de Inversi\u00f3n por medio de Opciones Reales\u00bb<\/p>\n<p>Contabilidad y finanzas<\/p>\n<p>Curso valoraci\u00f3n de proyectos de Inversi\u00f3n<\/p>\n<p>Curso de Valoraci\u00f3n de Proyectos de Inversi\u00f3n por medio de Opciones Reales<\/p>\n<p>Al finalizar el programa el participante estar\u00e1 en capacidad realizar an\u00e1lisis de proyectos avanzado Escenario VAN + Valor aportado al proyecto por la flexibilidad (opciones reales): en funci\u00f3n de las condiciones cambiantes del mercado, se analiza un \u00e1rbol de decisi\u00f3n en el que se llega al resultado m\u00e1s favorable y, por tanto, a la toma de decisiones en consecuencia.<\/p>\n<p>Curso Monogr\u00e1fico de An\u00e1lisis de Inversiones<\/p>\n<p>Al finalizar el programa el participante estar\u00e1 en capacidad de evaluar las ideas de negocios que surgen y cuantificar la creaci\u00f3n de valor que ello le supone a los accionistas<\/p>\n<p>Capacitaciones presenciales<\/p>\n<p>Gesti\u00f3n efectiva de cr\u00e9dito y cartera<\/p>\n<p>Curso Monogr\u00e1fico de Excel aplicado a la Gesti\u00f3n Empresarial y Financiera\u00bb Contabilidad y finanzas<\/p>\n<p>Curso Monogr\u00e1fico de Excel empresarial Financiero<\/p>\n<p>Curso Monogr\u00e1fico de Excel aplicado a la Gesti\u00f3n Empresarial y Financiera<\/p>\n<p>Al finalizar el programa el participante estar\u00e1 en capacidad de evaluar las ideas de negocios que surgen y cuantificar la creaci\u00f3n de valor que ello le supone a los accionistas.<\/p>\n<p>Capacitaciones Presenciales<\/p>\n<p>Gesti\u00f3n efectiva de cr\u00e9dito y cartera<\/p>\n<p>Curso Monogr\u00e1fico Pr\u00e1ctico de An\u00e1lisis y Gesti\u00f3n de Riesgos<\/p>\n<p>Contabilidad y finanzas<\/p>\n<p>Curso monogr\u00e1fico practico<\/p>\n<p>an\u00e1lisis de gesti\u00f3n y riesgos<\/p>\n<p>Curso Monogr\u00e1fico Pr\u00e1ctico de An\u00e1lisis y Gesti\u00f3n de\u00a0 Riesgos<\/p>\n<p>Culminado el curso el participante habr\u00e1 adquirido conocimientos te\u00f3ricos y pr\u00e1cticos necesarios para el an\u00e1lisis de los riesgos crediticios surgidos en la actividad diaria de las empresas. Dicha actividad puede venir tanto de la relaci\u00f3n entre empresas como de la relaci\u00f3n de la empresa con particulares, siendo indiferente el sector de actividad de la empresa o entidad que realice el an\u00e1lisis.<\/p>\n<p>Capacitaciones Presenciales<\/p>\n<p>Gesti\u00f3n efectiva de cr\u00e9dito y cartera<\/p>\n<p>Curso Monogr\u00e1fico Pr\u00e1ctico bolsa de mercados financieros<\/p>\n<p>Curso Monogr\u00e1fico Pr\u00e1ctico de Bolsa y Mercados Financieros<\/p>\n<p>Al finalizar el programa el participante estar\u00e1 en capacidad de evaluar las ideas de negocios que surgen y cuantificar la creaci\u00f3n de valor que ello le supone a los accionistas.<\/p>\n<p>Capacitaciones Presenciales de Gesti\u00f3n efectiva de cr\u00e9dito y cartera<\/p>\n<p>\u00abCurso Monogr\u00e1fico sobre An\u00e1lisis de Estados Econ\u00f3mico-Financieros\u00bb<\/p>\n<p>Los participantes estudiar\u00e1n los diferentes estados financieros de las empresas: balance, cuenta de p\u00e9rdidas y ganancias, memoria, estados de flujos, estados consolidados, etc.<\/p>\n<p>Capacitaciones presenciales Gesti\u00f3n efectiva de cr\u00e9dito y cartera<\/p>\n<p>Curso Monogr\u00e1fico sobre Consolidaci\u00f3n de Estados Financieros\u00bb<\/p>\n<p>Los participantes se actualizar\u00e1n en el alcance de todos los participantes los conocimientos necesarios para poder formular y realizar ajustes de los estados financieros de los grupos de sociedades, as\u00ed como los aspectos fiscales del r\u00e9gimen de tributaci\u00f3n consolidada al que est\u00e1n sometidos determinados grupos de sociedades.<\/p>\n<p>Capacitaciones presenciales<\/p>\n<p>Gesti\u00f3n efectiva de cr\u00e9dito y cartera<\/p>\n<p>\u00abCurso Monogr\u00e1fico sobre Contabilidad de Costes\u00bb<\/p>\n<p>Contabilidad y finanzas<\/p>\n<p>Curso Monogr\u00e1fico de contabilidad de costes<\/p>\n<p>Facilitar a los asistentes una visi\u00f3n de la contabilidad interna o contabilidad de costes, con un enfoque pr\u00e1ctico que permita abordar la toma de decisiones a trav\u00e9s de las herramientas que un sistema de gesti\u00f3n basado en el an\u00e1lisis de los costes pone a disposici\u00f3n de los t\u00e9cnicos y directivos de una empresa.<\/p>\n<p>Capacitaciones presenciales<\/p>\n<p>Gesti\u00f3n efectiva de cr\u00e9dito y cartera<\/p>\n<p>Curso Monogr\u00e1fico sobre Control de Gesti\u00f3n<\/p>\n<p>Contabilidad y finanzas<\/p>\n<p>Curso monogr\u00e1fico sobre control de gesti\u00f3n<\/p>\n<p>Curso Monogr\u00e1fico sobre Control de Gesti\u00f3n<\/p>\n<p>Este Curso pretende desarrollar una visi\u00f3n pr\u00e1ctica sobre el concepto de control de gesti\u00f3n, que acerque al alumno a la operativa y responsabilidades del <em>control<\/em>.<\/p>\n<p>Capacitaciones presenciales<\/p>\n<p>Gesti\u00f3n efectiva de cr\u00e9dito y cartera<\/p>\n<p>\u00abCurso Monogr\u00e1fico sobre Elaboraci\u00f3n y Presentaci\u00f3n de Informes Financieros.<\/p>\n<p>El Curso de elaboraci\u00f3n y presentaci\u00f3n de informes financieros dota a los alumnos interesados de los instrumentos conceptuales y pr\u00e1cticos necesarios para la realizaci\u00f3n de informes de naturaleza financiera para la toma de decisiones.<\/p>\n<p>Capacitaciones presenciales<\/p>\n<p>Gesti\u00f3n efectiva de cr\u00e9dito y cartera<\/p>\n<p>\u00abCurso Monogr\u00e1fico sobre Finanzas para No Financieros\u00bb<\/p>\n<p>Este Curso pretende facilitar una visi\u00f3n integrada de los conceptos e instrumentos claves de contabilidad y finanzas imprescindibles para el an\u00e1lisis, planificaci\u00f3n y control de las actividades y resultados de la gesti\u00f3n de la empresa.<\/p>\n<p>Capacitaciones presenciales<\/p>\n<p>Gesti\u00f3n efectiva de cr\u00e9dito y cartera<\/p>\n<p>\u00abCurso Monogr\u00e1fico sobre Gesti\u00f3n de Compras\u00bb<\/p>\n<p>Curso que pretende dar herramientas para mejorar los procesos de compras y de toda la funci\u00f3n de compras en su conjunto, como nuevo eje estrat\u00e9gico del desarrollo.<\/p>\n<p>Capacitaciones presenciales<\/p>\n<p>Gesti\u00f3n efectiva de cr\u00e9dito y cartera<\/p>\n<p>\u00abCurso Monogr\u00e1fico sobre Gesti\u00f3n de Tesorer\u00eda\u00bb<\/p>\n<p>]Curso que explica las t\u00e9cnicas y herramientas para optimizar la gesti\u00f3n de los recursos financieros de la empresa, adecuando los cobros y pagos de la misma, el control de las condiciones bancarias, as\u00ed como la rentabilizaci\u00f3n de los posibles excedentes o \u201cpuntas\u201d de tesorer\u00eda.<\/p>\n<p>Capacitaciones presenciales<\/p>\n<p>Gesti\u00f3n efectiva de cr\u00e9dito y cartera<\/p>\n<p>\u00abCurso Monogr\u00e1fico sobre Prevenci\u00f3n de Blanqueo de Capitales en el Sector Financiero\u00bb<\/p>\n<p>La prevenci\u00f3n del blanqueo de capitales tiene como finalidad impedir, en los diferentes sectores de la actividad econ\u00f3mica, blanquear los capitales procedentes de cualquier tipo de participaci\u00f3n en la comisi\u00f3n de un delito.<\/p>\n<p>Capacitaciones presenciales<\/p>\n<p>Gesti\u00f3n efectiva de cr\u00e9dito y cartera<\/p>\n<p>\u00abCurso Monogr\u00e1fico sobre Valoraci\u00f3n de Empresas\u00bb<\/p>\n<p>El Curso de Valoraci\u00f3n de Empresas describe y analiza los m\u00e9todos de valoraci\u00f3n de empresas profundizando de forma m\u00e1s espec\u00edfica en aquellas t\u00e9cnicas m\u00e1s utilizadas.<\/p>\n<p>Capacitaciones presenciales<\/p>\n<p>Gesti\u00f3n efectiva de cr\u00e9dito y cartera<\/p>\n<p>\u00abCurso Monogr\u00e1fico sobre Valoraciones Inmobiliarias\u00bb<\/p>\n<p>Este Curso b\u00e1sico permite a las personas que lo cursen adquirir conocimientos te\u00f3ricos y pr\u00e1cticos sobre los criterios, m\u00e9todos, procedimientos e instrucciones t\u00e9cnicas a las que ha de ajustarse el c\u00e1lculo del valor de los bienes inmuebles para su ejercicio profesional en el mercado inmobiliario.<\/p>\n<p>\u00abCurso Pr\u00e1ctico de Gesti\u00f3n de Carteras y Fondos de Inversi\u00f3n\u00bb<\/p>\n<p>Este Curso tiene como objetivo fundamental que el asistente adquiera un elevado grado de conocimiento sobre todos los ACTIVOS y PRODUCTOS DE INVERSI\u00d3N y sobre los factores que afectan directamente a la gesti\u00f3n de las inversiones, fundamentalmente las relacionadas con el Asesoramiento Financiero.<\/p>\n<p>Capacitaciones presenciales<\/p>\n<p>Gesti\u00f3n efectiva de cr\u00e9dito y cartera<\/p>\n<p>\u00abCurso Pr\u00e1ctico de Trading\u00bb<\/p>\n<p>Este curso se busca acercar el trading a todo aquel que quiera formarse en el apasionante mundo de los mercados financieros y el trading. Explicado de forma sencilla y clara, cualquier persona podr\u00e1 seguir el curso sin necesidad de disponer de conocimientos financieros previos.<\/p>\n<p>Capacitaciones presenciales<\/p>\n<p>Gesti\u00f3n efectiva de cr\u00e9dito y cartera<\/p>\n<p>\u00abCurso Pr\u00e1ctico en Fondos de Inversi\u00f3n\u00bb<\/p>\n<p>Este curso se centra en analizar el universo de productos financieros que un ahorrador tiene disponibles para materializar su capital, fij\u00e1ndonos en los fondos de inversi\u00f3n.<\/p>\n<p>Capacitaciones presenciales<\/p>\n<p>Gesti\u00f3n efectiva de cr\u00e9dito y cartera<\/p>\n<p>\u00abCurso Superior en Gesti\u00f3n Financiera y Banca\u00bb<\/p>\n<p>Dar una visi\u00f3n completa y detallada de los diferentes aspectos que conforman las Operaciones Financieras, con el fin de poner al alcance del profesional o del estudiante los conocimientos que precisan en esta \u00e1rea, tanto desde el punto de vista te\u00f3rico como pr\u00e1ctico.<\/p>\n","protected":false},"excerpt":{"rendered":"<p>Contabilidad y Finanzas La \u00abOrganizaci\u00f3n Interamericana de Ciencias Econ\u00f3micas OICE es una entidad profesional sin fines de lucro, que fue constitu\u00edda con el fin de proporcionar a los profesionales del campo econ\u00f3mico-financiero con responsabilidades de direcci\u00f3n, un cauce para facilitar su participaci\u00f3n activa mediante reuniones de trabajo sobre temas de actualidad de inter\u00e9s com\u00fan, y&#8230;.<\/p>\n","protected":false},"author":1,"featured_media":0,"parent":0,"menu_order":0,"comment_status":"closed","ping_status":"closed","template":"","meta":{"footnotes":""},"categories":[10],"tags":[],"class_list":["post-1040","page","type-page","status-publish","hentry","category-virtuales"],"_links":{"self":[{"href":"https:\/\/oice.org\/index.php?rest_route=\/wp\/v2\/pages\/1040","targetHints":{"allow":["GET"]}}],"collection":[{"href":"https:\/\/oice.org\/index.php?rest_route=\/wp\/v2\/pages"}],"about":[{"href":"https:\/\/oice.org\/index.php?rest_route=\/wp\/v2\/types\/page"}],"author":[{"embeddable":true,"href":"https:\/\/oice.org\/index.php?rest_route=\/wp\/v2\/users\/1"}],"replies":[{"embeddable":true,"href":"https:\/\/oice.org\/index.php?rest_route=%2Fwp%2Fv2%2Fcomments&post=1040"}],"version-history":[{"count":7,"href":"https:\/\/oice.org\/index.php?rest_route=\/wp\/v2\/pages\/1040\/revisions"}],"predecessor-version":[{"id":2024,"href":"https:\/\/oice.org\/index.php?rest_route=\/wp\/v2\/pages\/1040\/revisions\/2024"}],"wp:attachment":[{"href":"https:\/\/oice.org\/index.php?rest_route=%2Fwp%2Fv2%2Fmedia&parent=1040"}],"wp:term":[{"taxonomy":"category","embeddable":true,"href":"https:\/\/oice.org\/index.php?rest_route=%2Fwp%2Fv2%2Fcategories&post=1040"},{"taxonomy":"post_tag","embeddable":true,"href":"https:\/\/oice.org\/index.php?rest_route=%2Fwp%2Fv2%2Ftags&post=1040"}],"curies":[{"name":"wp","href":"https:\/\/api.w.org\/{rel}","templated":true}]}}