{"id":1044,"date":"2018-02-17T02:50:15","date_gmt":"2018-02-17T02:50:15","guid":{"rendered":"https:\/\/oice.org\/?page_id=1044"},"modified":"2020-08-03T05:16:19","modified_gmt":"2020-08-03T05:16:19","slug":"alianzas-estrategicas","status":"publish","type":"page","link":"https:\/\/oice.org\/?page_id=1044","title":{"rendered":"Alianzas Estrat\u00e9gicas"},"content":{"rendered":"<p>\u00abCentro de Estudios Financieros de Espa\u00f1a CEF\u00bb<\/p>\n<p style=\"text-align: center;\">El CEF es una reconocida escuela de negocios en Espa\u00f1a que imparte la m\u00e1s completa oferta formativa de M\u00e1steres Profesionales, Cursos Superiores y Monogr\u00e1ficos, enfocados a un mismo objetivo: el empleo.<\/p>\n<p style=\"text-align: center;\">Nuestra alianza con el CEF est\u00e1 dirigida a cubrir los intereses y necesidades de formaci\u00f3n de:<\/p>\n<p style=\"text-align: center;\">\u2022\u00a0 \u00a0 \u00a0 \u00a0estudiantes de postgrado y de direcci\u00f3n.<br \/>\n\u2022\u00a0 \u00a0 \u00a0 \u00a0personas que desean incorporarse a la empresa privada como aut\u00e9nticos especialistas, sin experiencia en el mundo laboral.<br \/>\n\u2022\u00a0 \u00a0 \u00a0 \u00a0personas que quieren consolidar y mejorar sus conocimientos y aptitudes para el trabajo.<br \/>\n\u2022\u00a0 \u00a0 \u00a0 \u00a0los que buscan formar parte de la Administraci\u00f3n.<\/p>\n<p>Adem\u00e1s, ofrecer servicios integrales de formaci\u00f3n y asesoramiento a las empresas tanto para la formaci\u00f3n a medida de su personal como para la selecci\u00f3n de sus profesionales, a trav\u00e9s de su Bolsa de Trabajo y el Departamento de Orientaci\u00f3n y Formaci\u00f3n de Empresas.<br \/>\nLa estrategia del CEF se basa en cuatro pilares fundamentales:<\/p>\n<p>\u2022\u00a0 \u00a0 \u00a0 \u00a0elaboraci\u00f3n de un material te\u00f3rico y pr\u00e1ctico \u00fanico que se preocupa de actualizar permanentemente.<br \/>\n\u2022\u00a0 \u00a0 \u00a0 \u00a0acceso a publicaciones propias de contenido profesional (revistas, libros, bases de datos documentales, &#8230;).<br \/>\n\u2022\u00a0 \u00a0 \u00a0 \u00a0creaci\u00f3n de nuevos cursos especializados, supervisados por una plantilla de profesores y expertos de cada materia.<br \/>\n\u2022\u00a0 \u00a0 \u00a0 \u00a0aplicaci\u00f3n de nuevos sistemas pedag\u00f3gicos, donde destaca la implantaci\u00f3n de una Plataforma de Teleformaci\u00f3n (Campus del CEF) en el cual los alumnos encontrar\u00e1n m\u00faltiples servicios a\u00f1adidos a su formaci\u00f3n.<\/p>\n<p>El CEF mantiene relaciones institucionales con diferentes instituciones p\u00fablicas y privadas, entre las que caben destacar las siguientes:<\/p>\n<p>\u2022\u00a0 \u00a0 \u00a0 \u00a0Universidad Complutense de Madrid<br \/>\n\u2022\u00a0 \u00a0 \u00a0 \u00a0Universidad Polit\u00e9cnica de Madrid<br \/>\n\u2022\u00a0 \u00a0 \u00a0 \u00a0Universidad de Alcal\u00e1<br \/>\n\u2022\u00a0 \u00a0 \u00a0 \u00a0Consejo de Abogac\u00eda<br \/>\n\u2022\u00a0 \u00a0 \u00a0 \u00a0Registro de Economistas y Asesores Fiscales (REAF)<br \/>\n\u2022\u00a0 \u00a0 \u00a0 \u00a0Asociaci\u00f3n Espa\u00f1ola de Asesores Fiscales (AEAF)<br \/>\n\u2022\u00a0 \u00a0 \u00a0 \u00a0Asociaci\u00f3n Espa\u00f1ola de Escuelas de Negocios (AEEN)<br \/>\n\u2022\u00a0 \u00a0 \u00a0 \u00a0Consejo de Titulares Mercantiles, Consejo de Graduados Sociales<br \/>\n\u2022\u00a0 \u00a0 \u00a0 \u00a0Gestores Administrativos<br \/>\n\u2022\u00a0 \u00a0 \u00a0 \u00a0Instituto de la Juventud<br \/>\n\u2022\u00a0 \u00a0 \u00a0 \u00a0Instituto de la Mujer, etc.<\/p>\n<p>\u00abCentro de Gesti\u00f3n e Investigaci\u00f3n INC\u00bb<\/p>\n<p>\u00abhttp:\/\/cginv.org\/cursos-y-diplomados\/\u00bb<\/p>\n<p>Es una instituci\u00f3n dedicada a promover la educaci\u00f3n y la formaci\u00f3n de los recursos humanos, la investigaci\u00f3n en las diferentes \u00e1reas, estimular el empleo de las nuevas tecnolog\u00edas en las instituciones y organizaciones en Rep\u00fablica Dominicana.<\/p>\n<p>Nuestra alianza est\u00e1 dirigida a apoyar su oferta formativa en Normas Internacionales de Informaci\u00f3n Financiera NIIF con conferencistas colombianos especializados.<\/p>\n","protected":false},"excerpt":{"rendered":"<p>\u00abCentro de Estudios Financieros de Espa\u00f1a CEF\u00bb El CEF es una reconocida escuela de negocios en Espa\u00f1a que imparte la m\u00e1s completa oferta formativa de M\u00e1steres Profesionales, Cursos Superiores y Monogr\u00e1ficos, enfocados a un mismo objetivo: el empleo. Nuestra alianza con el CEF est\u00e1 dirigida a cubrir los intereses y necesidades de formaci\u00f3n de: \u2022\u00a0&#8230;.<\/p>\n","protected":false},"author":1,"featured_media":0,"parent":0,"menu_order":0,"comment_status":"closed","ping_status":"closed","template":"","meta":{"footnotes":""},"categories":[],"tags":[],"class_list":["post-1044","page","type-page","status-publish","hentry"],"_links":{"self":[{"href":"https:\/\/oice.org\/index.php?rest_route=\/wp\/v2\/pages\/1044","targetHints":{"allow":["GET"]}}],"collection":[{"href":"https:\/\/oice.org\/index.php?rest_route=\/wp\/v2\/pages"}],"about":[{"href":"https:\/\/oice.org\/index.php?rest_route=\/wp\/v2\/types\/page"}],"author":[{"embeddable":true,"href":"https:\/\/oice.org\/index.php?rest_route=\/wp\/v2\/users\/1"}],"replies":[{"embeddable":true,"href":"https:\/\/oice.org\/index.php?rest_route=%2Fwp%2Fv2%2Fcomments&post=1044"}],"version-history":[{"count":3,"href":"https:\/\/oice.org\/index.php?rest_route=\/wp\/v2\/pages\/1044\/revisions"}],"predecessor-version":[{"id":2034,"href":"https:\/\/oice.org\/index.php?rest_route=\/wp\/v2\/pages\/1044\/revisions\/2034"}],"wp:attachment":[{"href":"https:\/\/oice.org\/index.php?rest_route=%2Fwp%2Fv2%2Fmedia&parent=1044"}],"wp:term":[{"taxonomy":"category","embeddable":true,"href":"https:\/\/oice.org\/index.php?rest_route=%2Fwp%2Fv2%2Fcategories&post=1044"},{"taxonomy":"post_tag","embeddable":true,"href":"https:\/\/oice.org\/index.php?rest_route=%2Fwp%2Fv2%2Ftags&post=1044"}],"curies":[{"name":"wp","href":"https:\/\/api.w.org\/{rel}","templated":true}]}}