{"id":1286,"date":"2018-04-27T04:40:40","date_gmt":"2018-04-27T04:40:40","guid":{"rendered":"https:\/\/oice.org\/?page_id=1286"},"modified":"2020-08-03T04:03:37","modified_gmt":"2020-08-03T04:03:37","slug":"direccion-y-administracion-de-empresas","status":"publish","type":"page","link":"https:\/\/oice.org\/?page_id=1286","title":{"rendered":"Direcci\u00f3n y Administraci\u00f3n de Empresas"},"content":{"rendered":"<p>\u00abDirecci\u00f3n y Administraci\u00f3n de Empresas\u00bb<\/p>\n<p>La \u00abOrganizaci\u00f3n Interamericana de Ciencias Econ\u00f3micas OICE es una entidad profesional sin fines de lucro, que fue constitu\u00edda con el fin de proporcionar a los profesionales del campo econ\u00f3mico-financiero con responsabilidades de direcci\u00f3n, un cauce para facilitar su participaci\u00f3n activa mediante reuniones de trabajo sobre temas de actualidad de inter\u00e9s com\u00fan, y para el intercambio de experiencias que proporcione el desarrollo t\u00e9cnico y humano y la intercomunicaci\u00f3n nacional e internacional con profesionales de su misma especialidad.<\/p>\n<p>Capacitaciones presenciales<\/p>\n<p>Gesti\u00f3n efectiva de cr\u00e9dito y cartera<\/p>\n<p>\u00abCurso Monogr\u00e1fico de An\u00e1lisis de Mercados Internacionales\u00bb<\/p>\n<p>Este curso busca estudiar la creciente complejidad de la Econom\u00eda, el Comercio y las Finanzas internacionales que incrementa la importancia y necesidad de conocer con detalle sus aspectos m\u00e1s relevantes para facilitar la vida de la empresa, que se mueve cada vez m\u00e1s en un \u00e1mbito global.<\/p>\n<p>Capacitaciones presenciales<\/p>\n<p>Gesti\u00f3n efectiva de cr\u00e9dito y cartera<\/p>\n<p>\u00abCurso Monogr\u00e1fico sobre el Tratamiento de Datos y Realizaci\u00f3n de Cuadros de Mando con Excel\u00bb<\/p>\n<p>]Este curso brinda herramientas para el tratamiento de datos en Excel as\u00ed como incorporar a Excel los datos de otras fuentes (internet, archivos de texto, bases de datos, etc.) y la realizaci\u00f3n de informes y cuadros de mando f\u00e1cilmente actualizables que permitan un tratamiento \u00fatil de la informaci\u00f3n.<\/p>\n<p>Capacitaciones presenciales<\/p>\n<p>Gesti\u00f3n efectiva de cr\u00e9dito y cartera<\/p>\n<p>\u00abCurso Monogr\u00e1fico sobre Gesti\u00f3n de Compras\u00bb<\/p>\n<p>Curso que pretende dar herramientas para mejorar los procesos de compras y de toda la funci\u00f3n de compras en su conjunto, como nuevo eje estrat\u00e9gico del desarrollo.<\/p>\n<p>Capacitaciones presenciales<\/p>\n<p>Gesti\u00f3n efectiva de cr\u00e9dito y cartera<\/p>\n<p>\u00abCurso Monogr\u00e1fico sobre Gesti\u00f3n de Proyectos\u00bb<\/p>\n<p>Direcci\u00f3n y administraci\u00f3n de empresas<\/p>\n<p>Curso monogr\u00e1fico sobre gesti\u00f3n de proyectos<\/p>\n<p>Este curso tiene la intenci\u00f3n de cubrir todas las \u00e1reas de las distintas disciplinas que se combinan en la direcci\u00f3n de un proyecto.<\/p>\n<p>\u00abCurso Monogr\u00e1fico sobre Habilidades y Competencias Directivas\u00bb<\/p>\n<p>Asesor\u00eda empresas<\/p>\n<p>Curso Monogr\u00e1fico de habilidades y competencias directivas<\/p>\n<p>Al finalizar el programa el participante estar\u00e1 en capacidad de implementar las competencias y habilidades b\u00e1sicas para mejorar la interacci\u00f3n con otras personas, sea su propio equipo de trabajo, clientes, proveedores, agentes sociales; conocer estrategias y t\u00e9cnicas de negociaci\u00f3n y de hablar en p\u00fablico, liderazgo y motivaci\u00f3n, etc.<\/p>\n\n\n<p><\/p>\n","protected":false},"excerpt":{"rendered":"<p>\u00abDirecci\u00f3n y Administraci\u00f3n de Empresas\u00bb La \u00abOrganizaci\u00f3n Interamericana de Ciencias Econ\u00f3micas OICE es una entidad profesional sin fines de lucro, que fue constitu\u00edda con el fin de proporcionar a los profesionales del campo econ\u00f3mico-financiero con responsabilidades de direcci\u00f3n, un cauce para facilitar su participaci\u00f3n activa mediante reuniones de trabajo sobre temas de actualidad de inter\u00e9s&#8230;.<\/p>\n","protected":false},"author":1,"featured_media":0,"parent":0,"menu_order":0,"comment_status":"closed","ping_status":"closed","template":"","meta":{"footnotes":""},"categories":[10],"tags":[],"class_list":["post-1286","page","type-page","status-publish","hentry","category-virtuales"],"_links":{"self":[{"href":"https:\/\/oice.org\/index.php?rest_route=\/wp\/v2\/pages\/1286","targetHints":{"allow":["GET"]}}],"collection":[{"href":"https:\/\/oice.org\/index.php?rest_route=\/wp\/v2\/pages"}],"about":[{"href":"https:\/\/oice.org\/index.php?rest_route=\/wp\/v2\/types\/page"}],"author":[{"embeddable":true,"href":"https:\/\/oice.org\/index.php?rest_route=\/wp\/v2\/users\/1"}],"replies":[{"embeddable":true,"href":"https:\/\/oice.org\/index.php?rest_route=%2Fwp%2Fv2%2Fcomments&post=1286"}],"version-history":[{"count":1,"href":"https:\/\/oice.org\/index.php?rest_route=\/wp\/v2\/pages\/1286\/revisions"}],"predecessor-version":[{"id":2026,"href":"https:\/\/oice.org\/index.php?rest_route=\/wp\/v2\/pages\/1286\/revisions\/2026"}],"wp:attachment":[{"href":"https:\/\/oice.org\/index.php?rest_route=%2Fwp%2Fv2%2Fmedia&parent=1286"}],"wp:term":[{"taxonomy":"category","embeddable":true,"href":"https:\/\/oice.org\/index.php?rest_route=%2Fwp%2Fv2%2Fcategories&post=1286"},{"taxonomy":"post_tag","embeddable":true,"href":"https:\/\/oice.org\/index.php?rest_route=%2Fwp%2Fv2%2Ftags&post=1286"}],"curies":[{"name":"wp","href":"https:\/\/api.w.org\/{rel}","templated":true}]}}