{"id":1298,"date":"2018-04-27T05:35:28","date_gmt":"2018-04-27T05:35:28","guid":{"rendered":"https:\/\/oice.org\/?page_id=1298"},"modified":"2020-08-03T04:15:35","modified_gmt":"2020-08-03T04:15:35","slug":"emprendedores-y-empleo","status":"publish","type":"page","link":"https:\/\/oice.org\/?page_id=1298","title":{"rendered":"Emprendedores y Empleo"},"content":{"rendered":"<p>\u00abEmprendedores y Empleo\u00bb<\/p>\n<p style=\"text-align: center;\">La \u00abOrganizaci\u00f3n Interamericana de Ciencias Econ\u00f3micas OICE es una entidad profesional sin fines de lucro, que fue constitu\u00edda con el fin de proporcionar a los profesionales del campo econ\u00f3mico-financiero con responsabilidades de direcci\u00f3n, un cauce para facilitar su participaci\u00f3n activa mediante reuniones de trabajo sobre temas de actualidad de inter\u00e9s com\u00fan, y para el intercambio de experiencias que proporcione el desarrollo t\u00e9cnico y humano y la intercomunicaci\u00f3n nacional e internacional con profesionales de su misma especialidad.<\/p>\n<p>Capacitaciones presenciales<\/p>\n<p>Gesti\u00f3n efectiva de cr\u00e9dito y cartera<\/p>\n<p>\u00abCurso de Creaci\u00f3n de Empresas \u00bb<\/p>\n<p>Direcci\u00f3n y administraci\u00f3n de empresas<\/p>\n<p>Curso de Creaci\u00f3n de empresas<\/p>\n<p>Sobre la base de un caso pr\u00e1ctico propuesto por el alumno o por el equipo docente, se pretende proporcionar al alumno las herramientas b\u00e1sicas para la puesta en marcha y desarrollo de un proyecto empresarial en la red.<\/p>\n<p>Capacitaciones presenciales<\/p>\n<p>Gesti\u00f3n efectiva de cr\u00e9dito y cartera<\/p>\n<p>\u00abCurso Monogr\u00e1fico sobre e-Marketing (nuevas estrategias de promoci\u00f3n on line)\u00bb<\/p>\n<p>Este curso busca definir e implementar estrategias de comunicaci\u00f3n a trav\u00e9s de <strong>Internet como recurso de Marketing<\/strong>.<\/p>\n<p>Capacitaciones presenciales<\/p>\n<p>Gesti\u00f3n efectiva de cr\u00e9dito y cartera<\/p>\n<p>\u00abCurso Monogr\u00e1fico sobre Gesti\u00f3n de Proyectos\u00bb<\/p>\n<p>Este curso tiene la intenci\u00f3n de cubrir todas las \u00e1reas de las distintas disciplinas que se combinan en la direcci\u00f3n de un proyecto.<\/p>\n","protected":false},"excerpt":{"rendered":"<p>\u00abEmprendedores y Empleo\u00bb La \u00abOrganizaci\u00f3n Interamericana de Ciencias Econ\u00f3micas OICE es una entidad profesional sin fines de lucro, que fue constitu\u00edda con el fin de proporcionar a los profesionales del campo econ\u00f3mico-financiero con responsabilidades de direcci\u00f3n, un cauce para facilitar su participaci\u00f3n activa mediante reuniones de trabajo sobre temas de actualidad de inter\u00e9s com\u00fan, y&#8230;.<\/p>\n","protected":false},"author":1,"featured_media":0,"parent":0,"menu_order":0,"comment_status":"closed","ping_status":"closed","template":"","meta":{"footnotes":""},"categories":[10],"tags":[],"class_list":["post-1298","page","type-page","status-publish","hentry","category-virtuales"],"_links":{"self":[{"href":"https:\/\/oice.org\/index.php?rest_route=\/wp\/v2\/pages\/1298","targetHints":{"allow":["GET"]}}],"collection":[{"href":"https:\/\/oice.org\/index.php?rest_route=\/wp\/v2\/pages"}],"about":[{"href":"https:\/\/oice.org\/index.php?rest_route=\/wp\/v2\/types\/page"}],"author":[{"embeddable":true,"href":"https:\/\/oice.org\/index.php?rest_route=\/wp\/v2\/users\/1"}],"replies":[{"embeddable":true,"href":"https:\/\/oice.org\/index.php?rest_route=%2Fwp%2Fv2%2Fcomments&post=1298"}],"version-history":[{"count":1,"href":"https:\/\/oice.org\/index.php?rest_route=\/wp\/v2\/pages\/1298\/revisions"}],"predecessor-version":[{"id":2027,"href":"https:\/\/oice.org\/index.php?rest_route=\/wp\/v2\/pages\/1298\/revisions\/2027"}],"wp:attachment":[{"href":"https:\/\/oice.org\/index.php?rest_route=%2Fwp%2Fv2%2Fmedia&parent=1298"}],"wp:term":[{"taxonomy":"category","embeddable":true,"href":"https:\/\/oice.org\/index.php?rest_route=%2Fwp%2Fv2%2Fcategories&post=1298"},{"taxonomy":"post_tag","embeddable":true,"href":"https:\/\/oice.org\/index.php?rest_route=%2Fwp%2Fv2%2Ftags&post=1298"}],"curies":[{"name":"wp","href":"https:\/\/api.w.org\/{rel}","templated":true}]}}