{"id":1334,"date":"2018-04-27T06:47:41","date_gmt":"2018-04-27T06:47:41","guid":{"rendered":"https:\/\/oice.org\/?page_id=1334"},"modified":"2020-08-03T04:39:18","modified_gmt":"2020-08-03T04:39:18","slug":"normas-internacionales-niif","status":"publish","type":"page","link":"https:\/\/oice.org\/?page_id=1334","title":{"rendered":"Normas Internacionales-NIIF"},"content":{"rendered":"<p>\u00abNormas Internacionales-NIIF\u00bb<\/p>\n<p style=\"text-align: center;\">La \u00abOrganizaci\u00f3n Interamericana de Ciencias Econ\u00f3micas OICE es una entidad profesional sin fines de lucro, que fue constitu\u00edda con el fin de proporcionar a los profesionales del campo econ\u00f3mico-financiero con responsabilidades de direcci\u00f3n, un cauce para facilitar su participaci\u00f3n activa mediante reuniones de trabajo sobre temas de actualidad de inter\u00e9s com\u00fan, y para el intercambio de experiencias que proporcione el desarrollo t\u00e9cnico y humano y la intercomunicaci\u00f3n nacional e internacional con profesionales de su misma especialidad.<\/p>\n<p>Capacitaciones presenciales<\/p>\n<p>Gesti\u00f3n efectiva de cr\u00e9dito y cartera<\/p>\n<p>\u00abDiplomado en la Norma Internacional de Informaci\u00f3n Financiera para Peque\u00f1as y Medianas Empresas (NIIF PYMES)\u00bb Norma Internacional de Informaci\u00f3n Financiera para Peque\u00f1as y Medianas Empresas, (NIIF-PYMES)<\/p>\n<p>El conocimiento de esta norma es imprescindible para el contador con independencia del pa\u00eds en el que desarrolle su actividad profesional. En unos casos, porque dicha norma se ha convertido ya en obligatoria o se han incorporado sus reglas a las normas nacionales; en otros, porque ser\u00e1 adoptada en un futuro pr\u00f3ximo. La complejidad de este sistema, unida al hecho de estar basado en principios generales, y no en reglas detalladas, hace que la capacitaci\u00f3n en esta materia sea especialmente importante.<\/p>\n<p>Capacitaciones presenciales<\/p>\n<p>Gesti\u00f3n efectiva de cr\u00e9dito y cartera<\/p>\n<p>\u00abCurso Monogr\u00e1fico sobre Normas Internacionales de Informaci\u00f3n Financiera &#8211; NIIF\/NIC\u00bb<\/p>\n<p>Normas Internacionales niif<\/p>\n<p>Curso Monogr\u00e1fico sobre normas internacionales de informaci\u00f3n-financiera NIIF\/NIC<\/p>\n<p>]El objetivo del Curso es discutir los aspectos b\u00e1sicos de las modificaciones que la UNI\u00d3N EUROPEA ha resuelto introducir en los criterios de confecci\u00f3n de los estados financieros de las empresas que presenten cuentas consolidadas en los mercados de valores de la Uni\u00f3n.<\/p>\n","protected":false},"excerpt":{"rendered":"<p>\u00abNormas Internacionales-NIIF\u00bb La \u00abOrganizaci\u00f3n Interamericana de Ciencias Econ\u00f3micas OICE es una entidad profesional sin fines de lucro, que fue constitu\u00edda con el fin de proporcionar a los profesionales del campo econ\u00f3mico-financiero con responsabilidades de direcci\u00f3n, un cauce para facilitar su participaci\u00f3n activa mediante reuniones de trabajo sobre temas de actualidad de inter\u00e9s com\u00fan, y para&#8230;.<\/p>\n","protected":false},"author":1,"featured_media":0,"parent":0,"menu_order":0,"comment_status":"closed","ping_status":"closed","template":"","meta":{"footnotes":""},"categories":[10],"tags":[],"class_list":["post-1334","page","type-page","status-publish","hentry","category-virtuales"],"_links":{"self":[{"href":"https:\/\/oice.org\/index.php?rest_route=\/wp\/v2\/pages\/1334","targetHints":{"allow":["GET"]}}],"collection":[{"href":"https:\/\/oice.org\/index.php?rest_route=\/wp\/v2\/pages"}],"about":[{"href":"https:\/\/oice.org\/index.php?rest_route=\/wp\/v2\/types\/page"}],"author":[{"embeddable":true,"href":"https:\/\/oice.org\/index.php?rest_route=\/wp\/v2\/users\/1"}],"replies":[{"embeddable":true,"href":"https:\/\/oice.org\/index.php?rest_route=%2Fwp%2Fv2%2Fcomments&post=1334"}],"version-history":[{"count":1,"href":"https:\/\/oice.org\/index.php?rest_route=\/wp\/v2\/pages\/1334\/revisions"}],"predecessor-version":[{"id":2030,"href":"https:\/\/oice.org\/index.php?rest_route=\/wp\/v2\/pages\/1334\/revisions\/2030"}],"wp:attachment":[{"href":"https:\/\/oice.org\/index.php?rest_route=%2Fwp%2Fv2%2Fmedia&parent=1334"}],"wp:term":[{"taxonomy":"category","embeddable":true,"href":"https:\/\/oice.org\/index.php?rest_route=%2Fwp%2Fv2%2Fcategories&post=1334"},{"taxonomy":"post_tag","embeddable":true,"href":"https:\/\/oice.org\/index.php?rest_route=%2Fwp%2Fv2%2Ftags&post=1334"}],"curies":[{"name":"wp","href":"https:\/\/api.w.org\/{rel}","templated":true}]}}