{"id":836,"date":"2018-01-23T18:19:40","date_gmt":"2018-01-23T18:19:40","guid":{"rendered":"https:\/\/oice.org\/?page_id=836"},"modified":"2020-08-02T22:59:06","modified_gmt":"2020-08-02T22:59:06","slug":"quienes-somos","status":"publish","type":"page","link":"https:\/\/oice.org\/?page_id=836","title":{"rendered":"Quienes Somos"},"content":{"rendered":"<p style=\"text-align: center;\"><strong>PRESENTACI\u00d3N DE LA ORGANIZACI\u00d3N INTERAMERICANA DE CIENCIAS ECON\u00d3MICAS OICE<\/strong><\/p>\n<p style=\"text-align: center;\">La \u00abOrganizaci\u00f3n Interamericana de Ciencias Econ\u00f3micas OICE es una entidad profesional sin fines de lucro, que fue constituida con el fin de proporcionar a los profesionales del campo econ\u00f3mico-financiero con responsabilidades de direcci\u00f3n, un cauce para facilitar su participaci\u00f3n activa mediante reuniones de trabajo sobre temas de actualidad de inter\u00e9s com\u00fan, y para el intercambio de experiencias que proporcione el desarrollo t\u00e9cnico y humano y la intercomunicaci\u00f3n nacional e internacional con profesionales de su misma especialidad.<\/p>\n<p style=\"text-align: center;\">La OICE. se fund\u00f3 siguiendo el modelo de otros pa\u00edses, ante la necesidad de contar con un foro permanente en el que los ejecutivos pudieran analizar y debatir aspectos espec\u00edficos de su especialidad, tanto en su entorno m\u00e1s pr\u00f3ximo, como derivados de las relaciones internacionales de unos mercados y negocios cada vez m\u00e1s independientes, como fines espec\u00edficos de la organizaci\u00f3n cabe citar:<\/p>\n<p>]La \u00abOrganizaci\u00f3n Interamericana de Ciencias Econ\u00f3micas OICE es una entidad profesional sin fines de lucro, que fue constituida con el fin de proporcionar a los profesionales del campo econ\u00f3mico-financiero con responsabilidades de direcci\u00f3n, un cauce para facilitar su participaci\u00f3n activa mediante reuniones de trabajo sobre temas de actualidad de inter\u00e9s com\u00fan, y para el intercambio de experiencias que proporcione el desarrollo t\u00e9cnico y humano y la intercomunicaci\u00f3n nacional e internacional con profesionales de su misma especialidad.<\/p>\n<p>La OICE. se fund\u00f3 siguiendo el modelo de otros pa\u00edses, ante la necesidad de contar con un foro permanente en el que los ejecutivos pudieran analizar y debatir aspectos espec\u00edficos de su especialidad, tanto en su entorno m\u00e1s pr\u00f3ximo, como derivados de las relaciones internacionales de unos mercados y negocios cada vez m\u00e1s interdependientes, como fines espec\u00edficos de la organizaci\u00f3n cabe citar:<\/p>\n<ul>\n<li>Contribuir al desarrollo profesional de sus miembros, estimulando la investigaci\u00f3n y la difusi\u00f3n de las modernas t\u00e9cnicas e instrumentos de gesti\u00f3n, principalmente\u00a0 econ\u00f3mica\u00a0 financiera, a trav\u00e9s de capacitaci\u00f3n y publicaciones. La OICE tiene como fines proporcionar informaci\u00f3n especializada y de actualizaci\u00f3n en los \u00e1mbitos financiero, econ\u00f3mico, contable, de auditoria, fiscal, y de gesti\u00f3n a trav\u00e9s de diferentes publicaciones nacionales e internacionales, adem\u00e1s de impartir cursos de capacitaci\u00f3n en las diferentes \u00e1reas de las ciencias econ\u00f3micas.<\/li>\n<li>Facilitar las relaciones interprofesionales y el intercambio de informaci\u00f3n y de experiencias en materia econ\u00f3mica y financiera. y proyectar la imagen y responsabilidad de los profesionales de las ciencias econ\u00f3micas, integr\u00e1ndose con organizaciones internacionales, y a trav\u00e9s de ellas relacionarse con profesionales de otros pa\u00edses.<\/li>\n<li>Proporcionar a sus miembros actividades de desarrollo profesional, gu\u00edas para conducir la\u00a0 pr\u00e1ctica profesional sustentados en una plataforma de conocimiento tanto nacional como internacional.<\/li>\n<li>Investigar, difundir, y promover dentro de sus miembros, conocimiento e informaci\u00f3n sobre Administraci\u00f3n, Finanzas, Contabilidad, Auditoria y Revisor\u00eda Fiscal, aplicando los est\u00e1ndares profesionales involucrando todos los asuntos relacionados.<\/li>\n<li>Promover reuniones con participaci\u00f3n internacional para educar a sus miembros y otros acerca de la pr\u00e1ctica de Finanzas, Administraci\u00f3n, Econom\u00eda, Contabilidad, y Auditoria y c\u00f3mo ellas se desarrollan en otras partes del mundo.<\/li>\n<li>Reunir a profesionales de las ciencias econ\u00f3micas para compartir informaci\u00f3n y experiencias\u00a0 promoviendo la investigaci\u00f3n y educaci\u00f3n.<\/li>\n<li>Otro de sus objetivos es el de establecer v\u00ednculos con otros organismos profesionales y docentes y entidades p\u00fablicas o privadas en Colombia y del extranjero, para la identificaci\u00f3n y soluci\u00f3n de aspectos que permitan elevar la calidad de la pr\u00e1ctica de la Administraci\u00f3n, Econom\u00eda, Finanzas, Contabilidad, Auditoria\u00a0 y materias afines.<\/li>\n<\/ul>\n<p>OICE ha identificado tres \u00e1reas de efectividad para el logro de sus objetivos as\u00ed: Capacitaci\u00f3n, Investigaci\u00f3n y Publicaciones, las cuales son desarrolladas directamente o a trav\u00e9s de alianzas estrat\u00e9gicas, o convenios de cooperaci\u00f3n Nacional e Internacional.<\/p>\n<p><strong>1. CAPACITACION:<\/strong><\/p>\n<p>OICE buscando ser el proveedor l\u00edder colombiano en capacitaci\u00f3n y desarrollo gerencial, desarrolla las siguientes estrategias:<\/p>\n<ul>\n<li>Responde a todas las necesidades de Capacitaci\u00f3n y Desarrollo de su Capital Humano.<\/li>\n<li>Imparte Cursos y Seminarios por las mejores mentes en los negocios.<\/li>\n<li>Optimiza el potencial de su personal y su desempe\u00f1o.<\/li>\n<li>Utiliza las \u00faltimas metodolog\u00edas y t\u00e9cnicas aprobadas por OICE-Colombia para construir su aprendizaje y desarrollar habilidades administrativas y gerenciales<\/li>\n<\/ul>\n<p>La Organizaci\u00f3n Interamericana de Ciencias Econ\u00f3micas- OICE est\u00e1 dedicada a construir el conocimiento, a desarrollar habilidades y comportamientos que ayudar\u00e1n a profesionales en los negocios y sus organizaciones a crecer y prosperar.<br \/>\nOICE cubre un completo rango de t\u00f3picos en la gerencia y administraci\u00f3n as\u00ed como en las relaciones interpersonales que incluyen seminarios en contabilidad, auditoria, finanzas, administraci\u00f3n gerencial y directiva, comunicaci\u00f3n, desarrollo humano, recursos humanos, sistemas y tecnolog\u00edas de informaci\u00f3n, liderazgo, compras, mercadotecnia, servicio, ventas, administraci\u00f3n de proyectos, procesos, manufactura, log\u00edstica, tr\u00e1fico, personal operativo y administrativo y mucho m\u00e1s, para todos los niveles organizacionales.<\/p>\n<p><strong>La Capacitaci\u00f3n en OICE est\u00e1 enfocada a atender las siguientes actividades:<\/strong><\/p>\n<ul>\n<li>Desayunos<\/li>\n<li>Seminarios<\/li>\n<li>Conferencias<\/li>\n<li>Tertulias<\/li>\n<li>Eventos Especiales<\/li>\n<li>Cursos Internos-Compa\u00f1\u00edas (In Company)<\/li>\n<li>Talleres<\/li>\n<li>Cursos a distancia<\/li>\n<\/ul>\n<p>Nuestros seminarios, conferencias, eventos especiales, cursos intra-compa\u00f1\u00edas y talleres est\u00e1n divididos en varias \u00e1reas planeadas para mantener a las organizaciones a la vanguardia en el medio de los negocios actual.<\/p>\n<ol>\n<li><em><strong>Finanzas y Tesorer\u00eda<\/strong><\/em><\/li>\n<li><em><strong>Contabilidad y auditoria<\/strong><\/em><\/li>\n<li><em><strong>Administraci\u00f3n \/ Administraci\u00f3n de Proyectos<\/strong><\/em><\/li>\n<li><em><strong>Tributaria<\/strong><\/em><\/li>\n<li><em><strong>Comercio Exterior<\/strong><\/em><\/li>\n<li><em><strong>Manufactura \/ Planta \/ Mantenimiento<\/strong><\/em><\/li>\n<li><em><strong>Calidad \/ ISO<\/strong><\/em><\/li>\n<li><em><strong>Log\u00edstica y Tr\u00e1fico \/ Inventarios y Almacenes \/ Compras<\/strong><\/em><\/li>\n<li><em><strong>TI Tecnolog\u00eda de Informaci\u00f3n, Sistemas, Procesos y Procedimientos<\/strong><\/em><\/li>\n<li><em><strong>Ventas y Servicio al Cliente<\/strong><\/em><\/li>\n<li><em><strong>Mercadotecnia y Telemarketing<\/strong><\/em><\/li>\n<li><em><strong>Gesti\u00f3n de Talento Humano<\/strong><\/em><\/li>\n<li><em><strong>Negocios y Estrategia<\/strong><\/em><\/li>\n<li><em><strong>Gesti\u00f3n y Gerencia, Negocios, Liderazgo , Direcci\u00f3n, Estrategia<\/strong><\/em><\/li>\n<\/ol>\n<p><strong>Desayunos<\/strong><\/p>\n<p>Los desayunos son jornadas que involucran jornadas con intervenciones de capacitaci\u00f3n de hasta 3 horas, orientadas a apoyar un tema espec\u00edfico en eventos m\u00e1s amplios organizados por la empresa o en el marco de reuniones de gerencia o directorio.<\/p>\n<p><strong>Seminarios<\/strong><\/p>\n<p>Presentados en los centros de capacitaci\u00f3n donde OICE tiene convenios o en otras localidades convenientes. Los seminarios de OICE son riqueza para todos los niveles de la organizaci\u00f3n \u2013 desde el Presidente hasta los Profesionales Administrativos, de los Ejecutivos Senior de la Alta Direcci\u00f3n a los Supervisores reci\u00e9n nombrados. Las experiencias de aprendizaje son din\u00e1micas e interactivas para peque\u00f1os grupos. Los conferencistas de los seminarios son profesionales de alto nivel , activos, actualizados y vigentes en los negocios, con experiencia pr\u00e1ctica.<\/p>\n<p>Los seminarios corresponden a una actividad cuya duraci\u00f3n es superior a 4 horas e inferior a 24 horas, donde la cantidad de participantes depender\u00e1 del m\u00e9todo o t\u00e9cnicas de ense\u00f1anza a utilizar; \u00e9stos deben desempe\u00f1ar o desarrollar funciones y\/o tareas equivalentes, cuando la actividad as\u00ed lo requiera.<\/p>\n<p><strong>Tertulias<\/strong><\/p>\n<p>Son espacios informales de an\u00e1lisis, discusi\u00f3n e intercambio, donde nuestra intervenci\u00f3n est\u00e1 orientada a crear las condiciones para que los participantes puedan aprovechar las diversas experiencias y puntos de vista.<br \/>\nLos participantes, a diferencia de los casos anteriores, pertenecen a distintas empresas.<\/p>\n<p><strong>Cursos Internos-Compa\u00f1\u00edas (In-Company)<\/strong><\/p>\n<p>Los cursos In-Company est\u00e1n destinados a cubrir de forma personalizada las necesidades de formaci\u00f3n tanto de los Directivos de las Empresas como de las personas que componen sus equipos y, en general, de aquellas personas y\/o colectivos cuyo trabajo se ve afectado de modo espec\u00edfico por la materia financiera, contable, de marketing, de Recursos Humanos, &#8230;etc.<\/p>\n<p><strong>En cada Curso otorgamos:<\/strong><\/p>\n<ul>\n<li>Una copia del material impreso para ser reproducido por la compa\u00f1\u00eda.<\/li>\n<li>Diplomas de OICE-Organizaci\u00f3n Interamericana de Ciencias Econ\u00f3micas<\/li>\n<li>Comentarios y evaluaci\u00f3n por parte de los participantes tanto del evento como del expositor.<\/li>\n<\/ul>\n<p>OICE trabaja con empresas grandes y peque\u00f1as del sector p\u00fablico y privado garantizando una \u00f3ptima capacitaci\u00f3n satisfaciendo requerimientos de Capacitaci\u00f3n con:<\/p>\n<ul>\n<li>Cursos OICE R\u00e9plica.- Los mismos cursos de instituciones internacionales con los que OICE tiene convenio que se imparten internacionalmente como es el caso del Centro de Estudios Financieros de Espa\u00f1a .<\/li>\n<li>Cursos OICE Adaptados.- Cursos con la orientaci\u00f3n de cubrir los objetivos espec\u00edficos de cada organizaci\u00f3n.<\/li>\n<\/ul>\n<p><strong>TALLERES<\/strong><\/p>\n<p align=\"justify\">Es una actividad cuya duraci\u00f3n es igual o mayor a 24 horas, con un n\u00famero m\u00e1ximo de 25 participantes, los que deben desempe\u00f1ar o desarrollar funciones y\/o tareas equivalentes, cuando la actividad as\u00ed lo requiera.<\/p>\n<p>Metodol\u00f3gicamente desarrollamos t\u00e9cnicas de simulaci\u00f3n, cambios de roles, juegos quin\u00e9ticos que, sin perder la solidez t\u00e9cnica y conceptual, nos permiten crear un escenario de formaci\u00f3n m\u00e1s integrador.<\/p>\n<p align=\"justify\">Para el caso de que la intervenci\u00f3n en materia de capacitaci\u00f3n se realice por medio de talleres, nuestra metodolog\u00eda est\u00e1 orientada a garantizar el cumplimiento de:<\/p>\n<p><strong>Formaci\u00f3n:<\/strong><br \/>\nAcciones orientadas a promover determinadas actitudes, generar nuevas habilidades, incorporar conocimientos y fortalecer valores alineados con los requerimientos del negocio.<\/p>\n<p><strong>Articulaci\u00f3n:<br \/>\n<\/strong>Acciones orientadas a mejorar las relaciones org\u00e1nicas entre \u00e1reas y departamentos intra-empresa. Investigaci\u00f3n y desarrollo (I+D):<br \/>\nGeneraci\u00f3n de nueva informaci\u00f3n de utilidad para el mejoramiento de la gesti\u00f3n.<\/p>\n<p><strong>2. PUBLICACIONES:<\/strong><\/p>\n<p>El \u00e1rea de publicaciones de la OICE est\u00e1 conformado por un Fondo editorial que contiene:<\/p>\n<ul>\n<li>Publicaciones en libros<\/li>\n<li>Publicaciones en CDS<\/li>\n<li>Productos de video y multimedia<\/li>\n<li>Paquetes de capacitaci\u00f3n interna OICE<\/li>\n<\/ul>\n<p style=\"padding-left: 30px;\"><strong><u>La divisi\u00f3n de libros de OICE en convenio con diferentes editoriales tanto nacionales como internacionales ofrece publicaciones cl\u00e1sicas e innovadoras, orientadas hacia soluciones pr\u00e1cticas, aplicables en los negocios.<\/u><\/strong>Publicaciones en libros<\/p>\n<ul>\n<li>Publicaciones en CDS :<\/li>\n<\/ul>\n<p style=\"padding-left: 30px;\"><strong><u>Con el prop\u00f3sito de dotar a la empresa de una poderosa herramienta de informaci\u00f3n, elaboramos CDs , altamente personalizados, donde cada participante puede seguir desde su propio puesto de trabajo o casa el material publicado sobre diferentes temas empresariales y de negocios.<\/u><\/strong><\/p>\n<ul>\n<li>Productos de video y multimedia:<\/li>\n<\/ul>\n<p style=\"padding-left: 30px;\"><strong><u>Los productos multimedia est\u00e1n conformados por los cds con\u00a0 excitante nueva tecnolog\u00eda de las series interactivas de OICE donde le brindan en conjunto video, audio animaci\u00f3n, texto y gr\u00e1ficas que le permitir\u00e1n aprender de inmediato.<\/u><\/strong><u><\/u><\/p>\n<ul>\n<li>Paquetes de capacitaci\u00f3n interna OICE:<\/li>\n<\/ul>\n<p style=\"padding-left: 30px;\"><strong><u>Programas para impartir internamente en las empresas, con sus propios conductores\/facilitadores internos.<\/u><\/strong><\/p>\n<ul>\n<li><strong>3. INVESTIGACION<\/strong><\/li>\n<\/ul>\n<p>El \u00e1rea de investigaci\u00f3n tiene como objetivo la, coordinaci\u00f3n, fomento y difusi\u00f3n de estudios financieros, administrativos, econ\u00f3micos y fiscales., la divulgaci\u00f3n de literatura producto de sus trabajos o de terceros, la difusi\u00f3n de los estudios e investigaciones que se realicen en beneficio de sus miembros, empresas y p\u00fablico en general, el establecimiento de relaciones con instituciones nacionales y extranjeras que tengan fines similares, la contribuci\u00f3n y el apoyo de programas de estudio de las \u00e1reas administrativas, contables y financieras de las Instituciones de Educaci\u00f3n Superior del pa\u00eds.<\/p>\n","protected":false},"excerpt":{"rendered":"<p>PRESENTACI\u00d3N DE LA ORGANIZACI\u00d3N INTERAMERICANA DE CIENCIAS ECON\u00d3MICAS OICE La \u00abOrganizaci\u00f3n Interamericana de Ciencias Econ\u00f3micas OICE es una entidad profesional sin fines de lucro, que fue constituida con el fin de proporcionar a los profesionales del campo econ\u00f3mico-financiero con responsabilidades de direcci\u00f3n, un cauce para facilitar su participaci\u00f3n activa mediante reuniones de trabajo sobre temas&#8230;.<\/p>\n","protected":false},"author":1,"featured_media":0,"parent":0,"menu_order":0,"comment_status":"closed","ping_status":"closed","template":"","meta":{"footnotes":""},"categories":[],"tags":[],"class_list":["post-836","page","type-page","status-publish","hentry"],"_links":{"self":[{"href":"https:\/\/oice.org\/index.php?rest_route=\/wp\/v2\/pages\/836","targetHints":{"allow":["GET"]}}],"collection":[{"href":"https:\/\/oice.org\/index.php?rest_route=\/wp\/v2\/pages"}],"about":[{"href":"https:\/\/oice.org\/index.php?rest_route=\/wp\/v2\/types\/page"}],"author":[{"embeddable":true,"href":"https:\/\/oice.org\/index.php?rest_route=\/wp\/v2\/users\/1"}],"replies":[{"embeddable":true,"href":"https:\/\/oice.org\/index.php?rest_route=%2Fwp%2Fv2%2Fcomments&post=836"}],"version-history":[{"count":2,"href":"https:\/\/oice.org\/index.php?rest_route=\/wp\/v2\/pages\/836\/revisions"}],"predecessor-version":[{"id":2007,"href":"https:\/\/oice.org\/index.php?rest_route=\/wp\/v2\/pages\/836\/revisions\/2007"}],"wp:attachment":[{"href":"https:\/\/oice.org\/index.php?rest_route=%2Fwp%2Fv2%2Fmedia&parent=836"}],"wp:term":[{"taxonomy":"category","embeddable":true,"href":"https:\/\/oice.org\/index.php?rest_route=%2Fwp%2Fv2%2Fcategories&post=836"},{"taxonomy":"post_tag","embeddable":true,"href":"https:\/\/oice.org\/index.php?rest_route=%2Fwp%2Fv2%2Ftags&post=836"}],"curies":[{"name":"wp","href":"https:\/\/api.w.org\/{rel}","templated":true}]}}