{"id":972,"date":"2018-01-30T02:01:44","date_gmt":"2018-01-30T02:01:44","guid":{"rendered":"https:\/\/oice.org\/?page_id=972"},"modified":"2020-08-03T01:24:52","modified_gmt":"2020-08-03T01:24:52","slug":"capacitaciones-virtuales","status":"publish","type":"page","link":"https:\/\/oice.org\/?page_id=972","title":{"rendered":"Capacitaciones Virtuales"},"content":{"rendered":"<p><strong>\u00abCAPACITACIONES VIRTUALES OICE\u00bb<\/strong><\/p>\n<p>La \u00abOrganizaci\u00f3n Interamericana de Ciencias Econ\u00f3micas OICE es una entidad profesional sin fines de lucro, que fue constituida con el fin de proporcionar a los profesionales del campo econ\u00f3mico-financiero con responsabilidades de direcci\u00f3n, un cauce para facilitar su participaci\u00f3n activa mediante reuniones de trabajo sobre temas de actualidad de inter\u00e9s com\u00fan, y para el intercambio de experiencias que proporcione el desarrollo t\u00e9cnico y humano y la intercomunicaci\u00f3n nacional e internacional con profesionales de su misma especialidad.<\/p>\n<p style=\"text-align: center;\">\u00a0<em><strong>Asesor\u00eda de Empresas &#8211; Contabilidad y Finanzas<\/strong><\/em><\/p>\n<p style=\"text-align: center;\"><em><strong>Direcci\u00f3n de Administraci\u00f3n de Empresas Emprendedores\u00a0y empleo Formaci\u00f3n y Tecnolog\u00eda<\/strong><\/em><\/p>\n","protected":false},"excerpt":{"rendered":"<p>\u00abCAPACITACIONES VIRTUALES OICE\u00bb La \u00abOrganizaci\u00f3n Interamericana de Ciencias Econ\u00f3micas OICE es una entidad profesional sin fines de lucro, que fue constituida con el fin de proporcionar a los profesionales del campo econ\u00f3mico-financiero con responsabilidades de direcci\u00f3n, un cauce para facilitar su participaci\u00f3n activa mediante reuniones de trabajo sobre temas de actualidad de inter\u00e9s com\u00fan, y&#8230;.<\/p>\n","protected":false},"author":1,"featured_media":0,"parent":0,"menu_order":0,"comment_status":"closed","ping_status":"closed","template":"","meta":{"footnotes":""},"categories":[],"tags":[],"class_list":["post-972","page","type-page","status-publish","hentry"],"_links":{"self":[{"href":"https:\/\/oice.org\/index.php?rest_route=\/wp\/v2\/pages\/972","targetHints":{"allow":["GET"]}}],"collection":[{"href":"https:\/\/oice.org\/index.php?rest_route=\/wp\/v2\/pages"}],"about":[{"href":"https:\/\/oice.org\/index.php?rest_route=\/wp\/v2\/types\/page"}],"author":[{"embeddable":true,"href":"https:\/\/oice.org\/index.php?rest_route=\/wp\/v2\/users\/1"}],"replies":[{"embeddable":true,"href":"https:\/\/oice.org\/index.php?rest_route=%2Fwp%2Fv2%2Fcomments&post=972"}],"version-history":[{"count":5,"href":"https:\/\/oice.org\/index.php?rest_route=\/wp\/v2\/pages\/972\/revisions"}],"predecessor-version":[{"id":2012,"href":"https:\/\/oice.org\/index.php?rest_route=\/wp\/v2\/pages\/972\/revisions\/2012"}],"wp:attachment":[{"href":"https:\/\/oice.org\/index.php?rest_route=%2Fwp%2Fv2%2Fmedia&parent=972"}],"wp:term":[{"taxonomy":"category","embeddable":true,"href":"https:\/\/oice.org\/index.php?rest_route=%2Fwp%2Fv2%2Fcategories&post=972"},{"taxonomy":"post_tag","embeddable":true,"href":"https:\/\/oice.org\/index.php?rest_route=%2Fwp%2Fv2%2Ftags&post=972"}],"curies":[{"name":"wp","href":"https:\/\/api.w.org\/{rel}","templated":true}]}}